{"id":1228,"date":"2017-01-01T12:22:49","date_gmt":"2017-01-01T10:22:49","guid":{"rendered":"http:\/\/www.stepponat.de\/blog\/?page_id=1228"},"modified":"2026-01-01T14:06:33","modified_gmt":"2026-01-01T12:06:33","slug":"tourplanungen","status":"publish","type":"page","link":"https:\/\/www.stepponat.de\/blog\/tourplanungen","title":{"rendered":"Tourplanungen"},"content":{"rendered":"\n<p>Ja, ich plane unsere Touren \u00fcblicherweise irgendwie im Vorfeld.<\/p>\n\n\n\n<p>Wir wissen zwar nie so genau, wo wir \u00fcbernachten werden &#8211; das wird immer spontan auf der jeweiligen Tour entschieden. Aber die grobe Planung will ich im Vorfeld schon haben. Denn letztendlich m\u00f6chte ich schon ein paar bestimmte Strecken fahren und die Urlaubstage bestm\u00f6glich nutzen. Daher ist die Planung f\u00fcr mich sinnvoll.<\/p>\n\n\n\n<p>Das die gefahrenen Strecken sich von den geplanten unterscheiden ist nicht weiter verwunderlich &#8211; denn bis 2016 sind wir rein nach Karte gefahren. Abgesehen von der Tatsache, dass sich Hotels nicht immer auf der vorgesehenen Strecke befinden, ist auch meine F\u00e4higkeit und der Wille eine Route exakt nachzufahren begrenzt.<\/p>\n\n\n\n<p>Daf\u00fcr dient diese Sektion &#8211; zu sehen, was wir geplant haben, welche Hotels dann tats\u00e4chlich gebucht wurden und wie wir dann tats\u00e4chlich gefahren sind.<\/p>\n\n\n\n<p><\/p>\n","protected":false},"excerpt":{"rendered":"<p>Ja, ich plane unsere Touren \u00fcblicherweise irgendwie im Vorfeld. Wir wissen zwar nie so genau, wo wir \u00fcbernachten werden &#8211; das wird immer spontan auf der jeweiligen Tour entschieden. Aber die grobe Planung will ich im Vorfeld schon haben. Denn letztendlich m\u00f6chte ich schon ein paar bestimmte Strecken fahren und die Urlaubstage bestm\u00f6glich nutzen. Daher [&hellip;]<\/p>\n","protected":false},"author":2,"featured_media":0,"parent":0,"menu_order":13,"comment_status":"closed","ping_status":"closed","template":"","meta":{"_uag_custom_page_level_css":"","jetpack_post_was_ever_published":false,"footnotes":""},"class_list":["post-1228","page","type-page","status-publish","hentry"],"uagb_featured_image_src":{"full":false,"thumbnail":false,"medium":false,"medium_large":false,"large":false,"1536x1536":false,"2048x2048":false},"uagb_author_info":{"display_name":"Matthias","author_link":"https:\/\/www.stepponat.de\/blog\/archive\/author\/matthias"},"uagb_comment_info":0,"uagb_excerpt":"Ja, ich plane unsere Touren \u00fcblicherweise irgendwie im Vorfeld. Wir wissen zwar nie so genau, wo wir \u00fcbernachten werden &#8211; das wird immer spontan auf der jeweiligen Tour entschieden. Aber die grobe Planung will ich im Vorfeld schon haben. Denn letztendlich m\u00f6chte ich schon ein paar bestimmte Strecken fahren und die Urlaubstage bestm\u00f6glich nutzen. Daher&hellip;","jetpack_sharing_enabled":true,"jetpack_shortlink":"https:\/\/wp.me\/P3AlH9-jO","jetpack_likes_enabled":true,"_links":{"self":[{"href":"https:\/\/www.stepponat.de\/blog\/wp-json\/wp\/v2\/pages\/1228","targetHints":{"allow":["GET"]}}],"collection":[{"href":"https:\/\/www.stepponat.de\/blog\/wp-json\/wp\/v2\/pages"}],"about":[{"href":"https:\/\/www.stepponat.de\/blog\/wp-json\/wp\/v2\/types\/page"}],"author":[{"embeddable":true,"href":"https:\/\/www.stepponat.de\/blog\/wp-json\/wp\/v2\/users\/2"}],"replies":[{"embeddable":true,"href":"https:\/\/www.stepponat.de\/blog\/wp-json\/wp\/v2\/comments?post=1228"}],"version-history":[{"count":7,"href":"https:\/\/www.stepponat.de\/blog\/wp-json\/wp\/v2\/pages\/1228\/revisions"}],"predecessor-version":[{"id":3838,"href":"https:\/\/www.stepponat.de\/blog\/wp-json\/wp\/v2\/pages\/1228\/revisions\/3838"}],"wp:attachment":[{"href":"https:\/\/www.stepponat.de\/blog\/wp-json\/wp\/v2\/media?parent=1228"}],"curies":[{"name":"wp","href":"https:\/\/api.w.org\/{rel}","templated":true}]}}