{"id":3736,"date":"2025-12-28T10:47:20","date_gmt":"2025-12-28T08:47:20","guid":{"rendered":"https:\/\/www.stepponat.de\/blog\/?page_id=3736"},"modified":"2025-12-28T11:14:29","modified_gmt":"2025-12-28T09:14:29","slug":"ueber-mich","status":"publish","type":"page","link":"https:\/\/www.stepponat.de\/blog\/ueber-mich","title":{"rendered":"\u00dcber mich"},"content":{"rendered":"\n<div class=\"wp-block-uagb-advanced-heading uagb-block-473444bf\"><h3 class=\"uagb-heading-text\"><strong>Wer bin ich?<\/strong><\/h3><\/div>\n\n\n\n<p>Ich bin Matthias, Baujahr 1972 \u2013 einige kennen mich auch einfach als Steppo.<\/p>\n\n\n\n<p>Der Virus zu den zwei R\u00e4dern hat mich, dank meiner Gattin, im sp\u00e4ten Alter von 27 infiziert.&nbsp; Seit 2002 bin ich stolzer Besitzer einer <strong>Honda Hornet SC48 in Candy-Tahiti-Blau<\/strong>, die ich mir damals neu beim H\u00e4ndler geg\u00f6nnt habe. Den Motorradf\u00fchrerschein habe ich \u2013 unter anderem \u2013 genau wegen dieses Moppeds gemacht.<\/p>\n\n\n\n<p>Inzwischen hat die Hornet <strong><span class=\"km-stand\" data-km-stand>L\u00e4dt...<\/span><\/strong> Kilometer auf der Uhr, und ich bin immer noch rundum zufrieden. Sie ist ein ehrlicher, robuster Allrounder, der schon so ziemlich alles gesehen hat: Landstra\u00dfen, Alpenp\u00e4sse, Schotter, Feldwege \u2013 und vermutlich auch ein paar Strecken, auf die sie offiziell gar nicht geh\u00f6rt.<\/p>\n\n\n\n<p>Selbst auf dem Rundkurs macht sich das H\u00f6rnchen noch erstaunlich gut, auch wenn ich dort mittlerweile eher zeitenoptimiert mit anderem Spielzeug unterwegs bin.<\/p>\n\n\n\n<p><\/p>\n\n\n\n<p><\/p>\n\n\n\n<div class=\"wp-block-uagb-advanced-heading uagb-block-e3763448\"><h3 class=\"uagb-heading-text\"><strong>Warum diese Website?<\/strong><\/h3><\/div>\n\n\n\n<p>Gute Frage, das w\u00fcsste ich auch mal gerne\u2026<\/p>\n\n\n\n<p>\u2026wahrscheinlich, weil ich gemerkt habe, wie schnell Erinnerungen verblassen. Diese Seite ist mein digitales Tagebuch, um festzuhalten, wo ich schon \u00fcberall mit meinem Motorrad \u2013 und meiner besseren H\u00e4lfte \u2013 unterwegs war.<\/p>\n\n\n\n<p>Angefangen hat alles mit klassischen Motorradreisen. Durch unsere ehemaligen Nachbarn sind wir dann auf Kurventrainings aufmerksam geworden, die schlie\u00dflich den Weg auf die Rennstrecke geebnet haben. Seitdem versuche ich, beide Leidenschaften unter einen Helm zu bringen \u2013 und mindestens zweimal im Jahr auf dem Rundkurs zu sein.<\/p>\n\n\n\n<p><\/p>\n\n\n\n<p><\/p>\n\n\n\n<div class=\"wp-block-uagb-advanced-heading uagb-block-7a6cdfd3\"><h3 class=\"uagb-heading-text\"><strong>Und sonst noch?<\/strong><\/h3><\/div>\n\n\n\n<p>Inzwischen teilt sich die Hornet die Garage mit weiteren Motorr\u00e4dern, die allerdings deutlich schneller kommen und gehen. Vor allem meine bessere H\u00e4lfte ist ihren zweir\u00e4drigen Gef\u00e4hrten bisher nicht ganz so treu wie ich meinem H\u00f6rnchen.<\/p>\n\n\n\n<p>Auf dieser Website geht es nicht um Perfektion, Hochglanz oder Bestzeiten.<\/p>\n\n\n\n<p>Es geht um meine Erlebnisse, die Leidenschaft \u2013 und darum, das Motorradfahren in all seinen Facetten festzuhalten. Vielleicht findet sich der eine oder andere darin wieder. Und wenn nicht, habe ich wenigstens sp\u00e4ter noch etwas zum Zur\u00fcckbl\u00e4ttern.<\/p>\n\n\n\n<p><\/p>\n","protected":false},"excerpt":{"rendered":"<p>Wer bin ich? Ich bin Matthias, Baujahr 1972 \u2013 einige kennen mich auch einfach als Steppo. Der Virus zu den zwei R\u00e4dern hat mich, dank meiner Gattin, im sp\u00e4ten Alter von 27 infiziert.&nbsp; Seit 2002 bin ich stolzer Besitzer einer Honda Hornet SC48 in Candy-Tahiti-Blau, die ich mir damals neu beim H\u00e4ndler geg\u00f6nnt habe. Den [&hellip;]<\/p>\n","protected":false},"author":2,"featured_media":0,"parent":0,"menu_order":3,"comment_status":"closed","ping_status":"closed","template":"","meta":{"_uag_custom_page_level_css":"","footnotes":""},"class_list":["post-3736","page","type-page","status-publish","hentry"],"uagb_featured_image_src":{"full":false,"thumbnail":false,"medium":false,"medium_large":false,"large":false,"1536x1536":false,"2048x2048":false},"uagb_author_info":{"display_name":"Matthias","author_link":"https:\/\/www.stepponat.de\/blog\/archive\/author\/matthias"},"uagb_comment_info":0,"uagb_excerpt":"Wer bin ich? Ich bin Matthias, Baujahr 1972 \u2013 einige kennen mich auch einfach als Steppo. Der Virus zu den zwei R\u00e4dern hat mich, dank meiner Gattin, im sp\u00e4ten Alter von 27 infiziert.&nbsp; Seit 2002 bin ich stolzer Besitzer einer Honda Hornet SC48 in Candy-Tahiti-Blau, die ich mir damals neu beim H\u00e4ndler geg\u00f6nnt habe. Den&hellip;","jetpack_sharing_enabled":true,"jetpack_shortlink":"https:\/\/wp.me\/P3AlH9-Yg","jetpack_likes_enabled":true,"_links":{"self":[{"href":"https:\/\/www.stepponat.de\/blog\/wp-json\/wp\/v2\/pages\/3736","targetHints":{"allow":["GET"]}}],"collection":[{"href":"https:\/\/www.stepponat.de\/blog\/wp-json\/wp\/v2\/pages"}],"about":[{"href":"https:\/\/www.stepponat.de\/blog\/wp-json\/wp\/v2\/types\/page"}],"author":[{"embeddable":true,"href":"https:\/\/www.stepponat.de\/blog\/wp-json\/wp\/v2\/users\/2"}],"replies":[{"embeddable":true,"href":"https:\/\/www.stepponat.de\/blog\/wp-json\/wp\/v2\/comments?post=3736"}],"version-history":[{"count":7,"href":"https:\/\/www.stepponat.de\/blog\/wp-json\/wp\/v2\/pages\/3736\/revisions"}],"predecessor-version":[{"id":3756,"href":"https:\/\/www.stepponat.de\/blog\/wp-json\/wp\/v2\/pages\/3736\/revisions\/3756"}],"wp:attachment":[{"href":"https:\/\/www.stepponat.de\/blog\/wp-json\/wp\/v2\/media?parent=3736"}],"curies":[{"name":"wp","href":"https:\/\/api.w.org\/{rel}","templated":true}]}}